{"id":15873,"date":"2025-05-13T00:19:10","date_gmt":"2025-05-12T23:19:10","guid":{"rendered":"https:\/\/sandnrock.dz\/?page_id=15873"},"modified":"2025-05-13T00:30:08","modified_gmt":"2025-05-12T23:30:08","slug":"solutions-daccueil-et-de-mobilite-pour-les-delegations-diplomatiques","status":"publish","type":"page","link":"https:\/\/sandnrock.dz\/fr\/solutions-daccueil-et-de-mobilite-pour-les-delegations-diplomatiques\/","title":{"rendered":""},"content":{"rendered":"<p><iframe style=\"width: 1600px; max-width: 100%; height: 5000px;\" title=\"Solutions d\u2019accueil et de mobilit\u00e9 pour les d\u00e9l\u00e9gations diplomatiques\" src=\"https:\/\/gamma.app\/embed\/qdu9k71poj1b75e\"><span data-mce-type=\"bookmark\" style=\"display: inline-block; width: 0px; overflow: hidden; line-height: 0;\" class=\"mce_SELRES_start\"><\/span><\/iframe><\/p>","protected":false},"excerpt":{"rendered":"<p><\/p>","protected":false},"author":1,"featured_media":15384,"parent":0,"menu_order":0,"comment_status":"closed","ping_status":"closed","template":"","meta":{"footnotes":""},"class_list":["post-15873","page","type-page","status-publish","has-post-thumbnail","hentry"],"yoast_head":"<!-- This site is optimized with the Yoast SEO plugin v27.3 - https:\/\/yoast.com\/product\/yoast-seo-wordpress\/ -->\n<title>- SandnRock Travel &amp; Events<\/title>\n<meta name=\"robots\" content=\"index, follow, max-snippet:-1, max-image-preview:large, max-video-preview:-1\" \/>\n<link rel=\"canonical\" href=\"https:\/\/sandnrock.dz\/fr\/solutions-daccueil-et-de-mobilite-pour-les-delegations-diplomatiques\/\" \/>\n<meta property=\"og:locale\" content=\"fr_FR\" \/>\n<meta property=\"og:type\" content=\"article\" \/>\n<meta property=\"og:title\" content=\"- SandnRock Travel &amp; Events\" \/>\n<meta property=\"og:description\" content=\"\ufeff\" \/>\n<meta property=\"og:url\" content=\"https:\/\/sandnrock.dz\/fr\/solutions-daccueil-et-de-mobilite-pour-les-delegations-diplomatiques\/\" \/>\n<meta property=\"og:site_name\" content=\"SandnRock Travel &amp; Events\" \/>\n<meta property=\"article:publisher\" content=\"https:\/\/web.facebook.com\/sandnrock\/\" \/>\n<meta property=\"article:modified_time\" content=\"2025-05-12T23:30:08+00:00\" \/>\n<meta property=\"og:image\" content=\"https:\/\/sandnrock.dz\/wp-content\/uploads\/2023\/02\/Falls-bridge.webp\" \/>\n\t<meta property=\"og:image:width\" content=\"960\" \/>\n\t<meta property=\"og:image:height\" content=\"667\" \/>\n\t<meta property=\"og:image:type\" content=\"image\/webp\" \/>\n<meta name=\"twitter:card\" content=\"summary_large_image\" \/>\n<meta name=\"twitter:site\" content=\"@Sandnrock25\" \/>\n<meta name=\"twitter:label1\" content=\"Dur\u00e9e de lecture estim\u00e9e\" \/>\n\t<meta name=\"twitter:data1\" content=\"1 minute\" \/>\n<script type=\"application\/ld+json\" class=\"yoast-schema-graph\">{\"@context\":\"https:\\\/\\\/schema.org\",\"@graph\":[{\"@type\":\"WebPage\",\"@id\":\"https:\\\/\\\/sandnrock.dz\\\/solutions-daccueil-et-de-mobilite-pour-les-delegations-diplomatiques\\\/\",\"url\":\"https:\\\/\\\/sandnrock.dz\\\/solutions-daccueil-et-de-mobilite-pour-les-delegations-diplomatiques\\\/\",\"name\":\"- SandnRock Travel &amp; Events\",\"isPartOf\":{\"@id\":\"https:\\\/\\\/sandnrock.dz\\\/#website\"},\"primaryImageOfPage\":{\"@id\":\"https:\\\/\\\/sandnrock.dz\\\/solutions-daccueil-et-de-mobilite-pour-les-delegations-diplomatiques\\\/#primaryimage\"},\"image\":{\"@id\":\"https:\\\/\\\/sandnrock.dz\\\/solutions-daccueil-et-de-mobilite-pour-les-delegations-diplomatiques\\\/#primaryimage\"},\"thumbnailUrl\":\"https:\\\/\\\/sandnrock.dz\\\/wp-content\\\/uploads\\\/2023\\\/02\\\/Falls-bridge.webp\",\"datePublished\":\"2025-05-12T23:19:10+00:00\",\"dateModified\":\"2025-05-12T23:30:08+00:00\",\"inLanguage\":\"fr-FR\",\"potentialAction\":[{\"@type\":\"ReadAction\",\"target\":[\"https:\\\/\\\/sandnrock.dz\\\/solutions-daccueil-et-de-mobilite-pour-les-delegations-diplomatiques\\\/\"]}]},{\"@type\":\"ImageObject\",\"inLanguage\":\"fr-FR\",\"@id\":\"https:\\\/\\\/sandnrock.dz\\\/solutions-daccueil-et-de-mobilite-pour-les-delegations-diplomatiques\\\/#primaryimage\",\"url\":\"https:\\\/\\\/sandnrock.dz\\\/wp-content\\\/uploads\\\/2023\\\/02\\\/Falls-bridge.webp\",\"contentUrl\":\"https:\\\/\\\/sandnrock.dz\\\/wp-content\\\/uploads\\\/2023\\\/02\\\/Falls-bridge.webp\",\"width\":960,\"height\":667},{\"@type\":\"WebSite\",\"@id\":\"https:\\\/\\\/sandnrock.dz\\\/#website\",\"url\":\"https:\\\/\\\/sandnrock.dz\\\/\",\"name\":\"SandnRock Travel &amp; Events\",\"description\":\"Discover Algeria\",\"publisher\":{\"@id\":\"https:\\\/\\\/sandnrock.dz\\\/#organization\"},\"potentialAction\":[{\"@type\":\"SearchAction\",\"target\":{\"@type\":\"EntryPoint\",\"urlTemplate\":\"https:\\\/\\\/sandnrock.dz\\\/?s={search_term_string}\"},\"query-input\":{\"@type\":\"PropertyValueSpecification\",\"valueRequired\":true,\"valueName\":\"search_term_string\"}}],\"inLanguage\":\"fr-FR\"},{\"@type\":\"Organization\",\"@id\":\"https:\\\/\\\/sandnrock.dz\\\/#organization\",\"name\":\"SandnRock Travel &amp; Events\",\"url\":\"https:\\\/\\\/sandnrock.dz\\\/\",\"logo\":{\"@type\":\"ImageObject\",\"inLanguage\":\"fr-FR\",\"@id\":\"https:\\\/\\\/sandnrock.dz\\\/#\\\/schema\\\/logo\\\/image\\\/\",\"url\":\"https:\\\/\\\/sandnrock.dz\\\/wp-content\\\/uploads\\\/2020\\\/05\\\/Logo-SandnrockFB-2.png\",\"contentUrl\":\"https:\\\/\\\/sandnrock.dz\\\/wp-content\\\/uploads\\\/2020\\\/05\\\/Logo-SandnrockFB-2.png\",\"width\":500,\"height\":500,\"caption\":\"SandnRock Travel &amp; Events\"},\"image\":{\"@id\":\"https:\\\/\\\/sandnrock.dz\\\/#\\\/schema\\\/logo\\\/image\\\/\"},\"sameAs\":[\"https:\\\/\\\/web.facebook.com\\\/sandnrock\\\/\",\"https:\\\/\\\/x.com\\\/Sandnrock25\",\"https:\\\/\\\/www.youtube.com\\\/@sandnrocktravel581\\\/\",\"https:\\\/\\\/www.instagram.com\\\/sandnrock_travel\\\/\"]}]}<\/script>\n<!-- \/ Yoast SEO plugin. -->","yoast_head_json":{"title":"- SandnRock Travel &amp; Events","robots":{"index":"index","follow":"follow","max-snippet":"max-snippet:-1","max-image-preview":"max-image-preview:large","max-video-preview":"max-video-preview:-1"},"canonical":"https:\/\/sandnrock.dz\/fr\/solutions-daccueil-et-de-mobilite-pour-les-delegations-diplomatiques\/","og_locale":"fr_FR","og_type":"article","og_title":"- SandnRock Travel &amp; Events","og_description":"\ufeff","og_url":"https:\/\/sandnrock.dz\/fr\/solutions-daccueil-et-de-mobilite-pour-les-delegations-diplomatiques\/","og_site_name":"SandnRock Travel &amp; Events","article_publisher":"https:\/\/web.facebook.com\/sandnrock\/","article_modified_time":"2025-05-12T23:30:08+00:00","og_image":[{"width":960,"height":667,"url":"https:\/\/sandnrock.dz\/wp-content\/uploads\/2023\/02\/Falls-bridge.webp","type":"image\/webp"}],"twitter_card":"summary_large_image","twitter_site":"@Sandnrock25","twitter_misc":{"Dur\u00e9e de lecture estim\u00e9e":"1 minute"},"schema":{"@context":"https:\/\/schema.org","@graph":[{"@type":"WebPage","@id":"https:\/\/sandnrock.dz\/solutions-daccueil-et-de-mobilite-pour-les-delegations-diplomatiques\/","url":"https:\/\/sandnrock.dz\/solutions-daccueil-et-de-mobilite-pour-les-delegations-diplomatiques\/","name":"- SandnRock Travel &amp; Events","isPartOf":{"@id":"https:\/\/sandnrock.dz\/#website"},"primaryImageOfPage":{"@id":"https:\/\/sandnrock.dz\/solutions-daccueil-et-de-mobilite-pour-les-delegations-diplomatiques\/#primaryimage"},"image":{"@id":"https:\/\/sandnrock.dz\/solutions-daccueil-et-de-mobilite-pour-les-delegations-diplomatiques\/#primaryimage"},"thumbnailUrl":"https:\/\/sandnrock.dz\/wp-content\/uploads\/2023\/02\/Falls-bridge.webp","datePublished":"2025-05-12T23:19:10+00:00","dateModified":"2025-05-12T23:30:08+00:00","inLanguage":"fr-FR","potentialAction":[{"@type":"ReadAction","target":["https:\/\/sandnrock.dz\/solutions-daccueil-et-de-mobilite-pour-les-delegations-diplomatiques\/"]}]},{"@type":"ImageObject","inLanguage":"fr-FR","@id":"https:\/\/sandnrock.dz\/solutions-daccueil-et-de-mobilite-pour-les-delegations-diplomatiques\/#primaryimage","url":"https:\/\/sandnrock.dz\/wp-content\/uploads\/2023\/02\/Falls-bridge.webp","contentUrl":"https:\/\/sandnrock.dz\/wp-content\/uploads\/2023\/02\/Falls-bridge.webp","width":960,"height":667},{"@type":"WebSite","@id":"https:\/\/sandnrock.dz\/#website","url":"https:\/\/sandnrock.dz\/","name":"SandnRock Travel &amp; Events","description":"Discover Algeria","publisher":{"@id":"https:\/\/sandnrock.dz\/#organization"},"potentialAction":[{"@type":"SearchAction","target":{"@type":"EntryPoint","urlTemplate":"https:\/\/sandnrock.dz\/?s={search_term_string}"},"query-input":{"@type":"PropertyValueSpecification","valueRequired":true,"valueName":"search_term_string"}}],"inLanguage":"fr-FR"},{"@type":"Organization","@id":"https:\/\/sandnrock.dz\/#organization","name":"SandnRock Travel &amp; Events","url":"https:\/\/sandnrock.dz\/","logo":{"@type":"ImageObject","inLanguage":"fr-FR","@id":"https:\/\/sandnrock.dz\/#\/schema\/logo\/image\/","url":"https:\/\/sandnrock.dz\/wp-content\/uploads\/2020\/05\/Logo-SandnrockFB-2.png","contentUrl":"https:\/\/sandnrock.dz\/wp-content\/uploads\/2020\/05\/Logo-SandnrockFB-2.png","width":500,"height":500,"caption":"SandnRock Travel &amp; Events"},"image":{"@id":"https:\/\/sandnrock.dz\/#\/schema\/logo\/image\/"},"sameAs":["https:\/\/web.facebook.com\/sandnrock\/","https:\/\/x.com\/Sandnrock25","https:\/\/www.youtube.com\/@sandnrocktravel581\/","https:\/\/www.instagram.com\/sandnrock_travel\/"]}]}},"jetpack_sharing_enabled":false,"jetpack-related-posts":[],"_links":{"self":[{"href":"https:\/\/sandnrock.dz\/fr\/wp-json\/wp\/v2\/pages\/15873","targetHints":{"allow":["GET"]}}],"collection":[{"href":"https:\/\/sandnrock.dz\/fr\/wp-json\/wp\/v2\/pages"}],"about":[{"href":"https:\/\/sandnrock.dz\/fr\/wp-json\/wp\/v2\/types\/page"}],"author":[{"embeddable":true,"href":"https:\/\/sandnrock.dz\/fr\/wp-json\/wp\/v2\/users\/1"}],"replies":[{"embeddable":true,"href":"https:\/\/sandnrock.dz\/fr\/wp-json\/wp\/v2\/comments?post=15873"}],"version-history":[{"count":10,"href":"https:\/\/sandnrock.dz\/fr\/wp-json\/wp\/v2\/pages\/15873\/revisions"}],"predecessor-version":[{"id":15884,"href":"https:\/\/sandnrock.dz\/fr\/wp-json\/wp\/v2\/pages\/15873\/revisions\/15884"}],"wp:featuredmedia":[{"embeddable":true,"href":"https:\/\/sandnrock.dz\/fr\/wp-json\/wp\/v2\/media\/15384"}],"wp:attachment":[{"href":"https:\/\/sandnrock.dz\/fr\/wp-json\/wp\/v2\/media?parent=15873"}],"curies":[{"name":"wp","href":"https:\/\/api.w.org\/{rel}","templated":true}]}}